{"id":3994,"date":"2025-04-01T18:47:56","date_gmt":"2025-04-01T18:47:56","guid":{"rendered":"http:\/\/www.cdaloshalcones.es\/?page_id=3994"},"modified":"2025-04-01T19:10:06","modified_gmt":"2025-04-01T19:10:06","slug":"galeria-2025","status":"publish","type":"page","link":"http:\/\/www.cdaloshalcones.es\/?page_id=3994","title":{"rendered":"Galer\u00eda (2025)"},"content":{"rendered":"<p>Rogamos a los socios que para poder incluir fotograf\u00edas en el \u00e1lbum, se pongan en contacto con el administrador de la web en el email <a href=\"mailto:club@cdaloshalcones.es\">club@cdaloshalcones.es<\/a> para solicitar el usuario y contrase\u00f1a.<\/p>\n<p><strong>NUEVAS GALER\u00cdAS DE FOTOS (2025)<\/strong><\/p>\n<ul>\n<li><a href=\"https:\/\/photos.app.goo.gl\/sEAvqzDFp44kyMybA\">COPA FEDERACI\u00d3N DE VELEROS F-3B<\/a><\/li>\n<\/ul>\n","protected":false},"excerpt":{"rendered":"<p>Rogamos a los socios que para poder incluir fotograf\u00edas en el \u00e1lbum, se pongan en contacto con el administrador de la web en el email club@cdaloshalcones.es para solicitar el usuario y contrase\u00f1a. NUEVAS GALER\u00cdAS DE FOTOS (2025) COPA FEDERACI\u00d3N DE VELEROS F-3B<\/p>\n","protected":false},"author":1,"featured_media":0,"parent":0,"menu_order":0,"comment_status":"closed","ping_status":"closed","template":"","meta":{"ngg_post_thumbnail":0,"footnotes":"","_links_to":"","_links_to_target":""},"class_list":["post-3994","page","type-page","status-publish","hentry"],"_links":{"self":[{"href":"http:\/\/www.cdaloshalcones.es\/index.php?rest_route=\/wp\/v2\/pages\/3994","targetHints":{"allow":["GET"]}}],"collection":[{"href":"http:\/\/www.cdaloshalcones.es\/index.php?rest_route=\/wp\/v2\/pages"}],"about":[{"href":"http:\/\/www.cdaloshalcones.es\/index.php?rest_route=\/wp\/v2\/types\/page"}],"author":[{"embeddable":true,"href":"http:\/\/www.cdaloshalcones.es\/index.php?rest_route=\/wp\/v2\/users\/1"}],"replies":[{"embeddable":true,"href":"http:\/\/www.cdaloshalcones.es\/index.php?rest_route=%2Fwp%2Fv2%2Fcomments&post=3994"}],"version-history":[{"count":3,"href":"http:\/\/www.cdaloshalcones.es\/index.php?rest_route=\/wp\/v2\/pages\/3994\/revisions"}],"predecessor-version":[{"id":3996,"href":"http:\/\/www.cdaloshalcones.es\/index.php?rest_route=\/wp\/v2\/pages\/3994\/revisions\/3996"}],"wp:attachment":[{"href":"http:\/\/www.cdaloshalcones.es\/index.php?rest_route=%2Fwp%2Fv2%2Fmedia&parent=3994"}],"curies":[{"name":"wp","href":"https:\/\/api.w.org\/{rel}","templated":true}]}}